{"id":40,"date":"2023-01-20T15:43:32","date_gmt":"2023-01-20T15:43:32","guid":{"rendered":"https:\/\/maquetasqueretaro.com\/?page_id=40"},"modified":"2023-02-08T03:15:31","modified_gmt":"2023-02-08T03:15:31","slug":"maquetas-a-detalle","status":"publish","type":"page","link":"https:\/\/maquetasqueretaro.com\/index.php\/maquetas-a-detalle\/","title":{"rendered":"Maquetas a detalle"},"content":{"rendered":"<p>[et_pb_section fb_built=&#8221;1&#8243; _builder_version=&#8221;4.16&#8243; _module_preset=&#8221;default&#8221; use_background_color_gradient=&#8221;on&#8221; background_color_gradient_stops=&#8221;rgba(0,0,0,0.3) 0%|#000000 100%&#8221; background_color_gradient_overlays_image=&#8221;on&#8221; background_color_gradient_start=&#8221;rgba(0,0,0,0.3)&#8221; background_color_gradient_end=&#8221;#000000&#8243; background_image=&#8221;https:\/\/maquetasqueretaro.com\/wp-content\/uploads\/2023\/01\/1-1.jpg&#8221; width_tablet=&#8221;&#8221; width_phone=&#8221;&#8221; width_last_edited=&#8221;on|desktop&#8221; max_width_tablet=&#8221;&#8221; max_width_phone=&#8221;&#8221; max_width_last_edited=&#8221;on|desktop&#8221; min_height=&#8221;400px&#8221; min_height_tablet=&#8221;&#8221; min_height_phone=&#8221;&#8221; min_height_last_edited=&#8221;on|desktop&#8221; height_tablet=&#8221;&#8221; height_phone=&#8221;&#8221; height_last_edited=&#8221;on|desktop&#8221; max_height_tablet=&#8221;&#8221; max_height_phone=&#8221;&#8221; max_height_last_edited=&#8221;on|desktop&#8221; background_last_edited=&#8221;on|desktop&#8221; module_alignment_tablet=&#8221;&#8221; module_alignment_phone=&#8221;&#8221; module_alignment_last_edited=&#8221;on|desktop&#8221; global_colors_info=&#8221;{}&#8221;][et_pb_row _builder_version=&#8221;4.16&#8243; _module_preset=&#8221;default&#8221; custom_margin=&#8221;70px|auto||auto||&#8221; global_colors_info=&#8221;{}&#8221;][et_pb_column type=&#8221;4_4&#8243; _builder_version=&#8221;4.16&#8243; _module_preset=&#8221;default&#8221; global_colors_info=&#8221;{}&#8221;][et_pb_text content_last_edited=&#8221;off|desktop&#8221; _builder_version=&#8221;4.16&#8243; _module_preset=&#8221;a8e0df2f-d71d-4a19-9a02-05f0c443fee3&#8243; global_colors_info=&#8221;{}&#8221;]<\/p>\n<p style=\"text-align: center;\">detalles en los proyectos<\/p>\n<p>[\/et_pb_text][\/et_pb_column][\/et_pb_row][\/et_pb_section][et_pb_section fb_built=&#8221;1&#8243; _builder_version=&#8221;4.16&#8243; _module_preset=&#8221;default&#8221; custom_padding=&#8221;0px||0px||true|&#8221; global_colors_info=&#8221;{}&#8221;][et_pb_row _builder_version=&#8221;4.16&#8243; _module_preset=&#8221;default&#8221; custom_padding=&#8221;0px||0px||true|&#8221; global_colors_info=&#8221;{}&#8221;][et_pb_column type=&#8221;4_4&#8243; _builder_version=&#8221;4.16&#8243; _module_preset=&#8221;default&#8221; global_colors_info=&#8221;{}&#8221;][et_pb_text _builder_version=&#8221;4.16&#8243; _module_preset=&#8221;b7c399b3-e4ba-4681-91de-4f6a22f1931d&#8221; text_text_color=&#8221;#E09900&#8243; global_colors_info=&#8221;{}&#8221;]<\/p>\n<h3><span style=\"color: #716442;\">01<\/span><\/h3>\n<p>[\/et_pb_text][et_pb_text _builder_version=&#8221;4.16&#8243; _module_preset=&#8221;060865bc-15e8-41ec-b51e-553bb897c332&#8243; global_colors_info=&#8221;{}&#8221;]<\/p>\n<h2>detalles en los proyectos<\/h2>\n<p>[\/et_pb_text][\/et_pb_column][\/et_pb_row][\/et_pb_section][et_pb_section fb_built=&#8221;1&#8243; specialty=&#8221;on&#8221; _builder_version=&#8221;4.16&#8243; _module_preset=&#8221;default&#8221; custom_padding=&#8221;44px||0px|||&#8221; global_colors_info=&#8221;{}&#8221;][et_pb_column type=&#8221;3_4&#8243; specialty_columns=&#8221;3&#8243; _builder_version=&#8221;4.16&#8243; _module_preset=&#8221;default&#8221; custom_padding=&#8221;|||&#8221; global_colors_info=&#8221;{}&#8221; custom_padding__hover=&#8221;|||&#8221;][et_pb_row_inner column_structure=&#8221;1_2,1_2&#8243; _builder_version=&#8221;4.16&#8243; _module_preset=&#8221;default&#8221; custom_padding=&#8221;2px||0px|||&#8221; global_colors_info=&#8221;{}&#8221;][et_pb_column_inner type=&#8221;1_2&#8243; saved_specialty_column_type=&#8221;3_4&#8243; _builder_version=&#8221;4.16&#8243; _module_preset=&#8221;default&#8221; global_colors_info=&#8221;{}&#8221;][et_pb_text _builder_version=&#8221;4.16&#8243; _module_preset=&#8221;29905689-db63-45ac-9a32-361c1091f2f1&#8243; global_colors_info=&#8221;{}&#8221;]<\/p>\n<p>Mediante estas se dise\u00f1an elementos especialmente complicados o repetitivos. estos detalles pueden ser de naturaleza constructiva, pero tambi\u00e9n pueden ser decorativos. gracias a estas pueden resolverse problemas de forma, materiales, textura de las superficies y color. las escalas van desde 1:10 a 1:1. pueden realizarse cuando existen dibujos t\u00e9cnicos bastante precisos de un proyecto ya maduro.<\/p>\n<p>En esta fase del proyecto se construyen maquetas de detalles para valorar diferentes alternativas constructivas o formales de aspectos singulares. en estas maquetas se estudian problemas pl\u00e1sticos, de colorido y de materiales. las maquetas de detalle se realizan como alternativa a un elemento arquitect\u00f3nico.<\/p>\n<p>[\/et_pb_text][\/et_pb_column_inner][et_pb_column_inner type=&#8221;1_2&#8243; saved_specialty_column_type=&#8221;3_4&#8243; _builder_version=&#8221;4.16&#8243; _module_preset=&#8221;default&#8221; global_colors_info=&#8221;{}&#8221;][et_pb_image src=&#8221;https:\/\/maquetasqueretaro.com\/wp-content\/uploads\/2023\/01\/detalle-maquetas-cancun.png&#8221; alt=&#8221;detalle maquetas Canc\u00fan&#8221; title_text=&#8221;detalle maquetas Canc\u00fan&#8221; src_tablet=&#8221;https:\/\/maquetasqueretaro.com\/wp-content\/uploads\/2023\/01\/detalle-maquetas-cancun.png&#8221; src_phone=&#8221;https:\/\/maquetasqueretaro.com\/wp-content\/uploads\/2023\/01\/detalle-maquetas-cancun.png&#8221; src_last_edited=&#8221;off|phone&#8221; show_bottom_space_tablet=&#8221;&#8221; show_bottom_space_phone=&#8221;&#8221; show_bottom_space_last_edited=&#8221;on|phone&#8221; _builder_version=&#8221;4.16&#8243; _module_preset=&#8221;default&#8221; width=&#8221;120%&#8221; custom_margin=&#8221;68px|||||&#8221; custom_margin_tablet=&#8221;&#8221; custom_margin_phone=&#8221;0px|||-40px|false|false&#8221; custom_margin_last_edited=&#8221;on|desktop&#8221; custom_padding_tablet=&#8221;&#8221; custom_padding_phone=&#8221;|||0px|false|false&#8221; custom_padding_last_edited=&#8221;on|desktop&#8221; global_colors_info=&#8221;{}&#8221;][\/et_pb_image][\/et_pb_column_inner][\/et_pb_row_inner][\/et_pb_column][et_pb_column type=&#8221;1_4&#8243; _builder_version=&#8221;4.16&#8243; _module_preset=&#8221;default&#8221; custom_padding=&#8221;|||&#8221; global_colors_info=&#8221;{}&#8221; custom_padding__hover=&#8221;|||&#8221;][et_pb_sidebar area=&#8221;et_pb_widget_area_2&#8243; _builder_version=&#8221;4.19.4&#8243; _module_preset=&#8221;default&#8221; header_font=&#8221;Bebas Neue|||on|||||&#8221; header_text_color=&#8221;#716442&#8243; header_font_size=&#8221;34px&#8221; body_font=&#8221;Bebas Neue||||||||&#8221; body_font_size=&#8221;25px&#8221; text_orientation=&#8221;right&#8221; background_layout=&#8221;dark&#8221; custom_margin=&#8221;0px|0px|0px|0px|false|false&#8221; custom_margin_tablet=&#8221;&#8221; custom_margin_phone=&#8221;&#8221; custom_margin_last_edited=&#8221;on|desktop&#8221; custom_padding=&#8221;0px|0px|0px|0px|false|false&#8221; custom_padding_tablet=&#8221;&#8221; custom_padding_phone=&#8221;&#8221; custom_padding_last_edited=&#8221;on|desktop&#8221; sticky_position=&#8221;top&#8221; sticky_offset_top=&#8221;20px&#8221; sticky_limit_bottom=&#8221;section&#8221; header_font_tablet=&#8221;&#8221; header_font_phone=&#8221;&#8221; header_font_last_edited=&#8221;on|desktop&#8221; header_text_align_tablet=&#8221;&#8221; header_text_align_phone=&#8221;&#8221; header_text_align_last_edited=&#8221;on|desktop&#8221; header_text_color_tablet=&#8221;&#8221; header_text_color_phone=&#8221;&#8221; header_text_color_last_edited=&#8221;on|desktop&#8221; header_font_size_tablet=&#8221;&#8221; header_font_size_phone=&#8221;&#8221; header_font_size_last_edited=&#8221;on|desktop&#8221; header_letter_spacing_tablet=&#8221;&#8221; header_letter_spacing_phone=&#8221;&#8221; header_letter_spacing_last_edited=&#8221;on|desktop&#8221; header_line_height_tablet=&#8221;&#8221; header_line_height_phone=&#8221;&#8221; header_line_height_last_edited=&#8221;on|desktop&#8221; body_font_last_edited=&#8221;off|desktop&#8221; body_text_align_last_edited=&#8221;off|desktop&#8221; body_text_color_last_edited=&#8221;off|desktop&#8221; body_font_size_last_edited=&#8221;off|desktop&#8221; body_letter_spacing_last_edited=&#8221;off|desktop&#8221; body_line_height_last_edited=&#8221;off|desktop&#8221; text_orientation_tablet=&#8221;&#8221; text_orientation_phone=&#8221;center&#8221; text_orientation_last_edited=&#8221;on|desktop&#8221; background_layout_tablet=&#8221;&#8221; background_layout_phone=&#8221;&#8221; background_layout_last_edited=&#8221;on|desktop&#8221; sticky_position_last_edited=&#8221;off|desktop&#8221; sticky_offset_top_tablet=&#8221;&#8221; sticky_offset_top_phone=&#8221;&#8221; sticky_offset_top_last_edited=&#8221;on|desktop&#8221; sticky_limit_bottom_tablet=&#8221;&#8221; sticky_limit_bottom_phone=&#8221;&#8221; sticky_limit_bottom_last_edited=&#8221;on|desktop&#8221; sticky_offset_surrounding_tablet=&#8221;&#8221; sticky_offset_surrounding_phone=&#8221;&#8221; sticky_offset_surrounding_last_edited=&#8221;on|desktop&#8221; sticky_transition_tablet=&#8221;&#8221; sticky_transition_phone=&#8221;&#8221; sticky_transition_last_edited=&#8221;on|desktop&#8221; global_colors_info=&#8221;{}&#8221;][\/et_pb_sidebar][\/et_pb_column][\/et_pb_section][et_pb_section fb_built=&#8221;1&#8243; _builder_version=&#8221;4.16&#8243; _module_preset=&#8221;default&#8221; custom_padding=&#8221;3px||3px||true|&#8221; global_colors_info=&#8221;{}&#8221;][et_pb_row _builder_version=&#8221;4.16&#8243; _module_preset=&#8221;default&#8221; custom_padding=&#8221;0px||0px||true|&#8221; global_colors_info=&#8221;{}&#8221;][et_pb_column type=&#8221;4_4&#8243; _builder_version=&#8221;4.16&#8243; _module_preset=&#8221;default&#8221; global_colors_info=&#8221;{}&#8221;][et_pb_text _builder_version=&#8221;4.16&#8243; _module_preset=&#8221;b7c399b3-e4ba-4681-91de-4f6a22f1931d&#8221; text_text_color=&#8221;#E09900&#8243; global_colors_info=&#8221;{}&#8221;]<\/p>\n<h3><span style=\"color: #716442;\">02<\/span><\/h3>\n<p>[\/et_pb_text][et_pb_text _builder_version=&#8221;4.16&#8243; _module_preset=&#8221;060865bc-15e8-41ec-b51e-553bb897c332&#8243; global_colors_info=&#8221;{}&#8221;]<\/p>\n<h2>algunos de nuestros clientes<\/h2>\n<p>[\/et_pb_text][\/et_pb_column][\/et_pb_row][et_pb_row _builder_version=&#8221;4.19.5&#8243; _module_preset=&#8221;default&#8221; width=&#8221;100%&#8221; custom_padding=&#8221;0px||0px||true|&#8221; global_colors_info=&#8221;{}&#8221;][et_pb_column type=&#8221;4_4&#8243; _builder_version=&#8221;4.16&#8243; _module_preset=&#8221;default&#8221; global_colors_info=&#8221;{}&#8221;][et_pb_code _builder_version=&#8221;4.19.5&#8243; _module_preset=&#8221;default&#8221; global_colors_info=&#8221;{}&#8221;]<div class=\"carousel-slider-outer carousel-slider-outer-image-carousel carousel-slider-outer-134\" style=\"--carousel-slider-nav-color:#f1f1f1;--carousel-slider-active-nav-color:#00d1b2;--carousel-slider-arrow-size:48px;--carousel-slider-bullet-size:10px\">\n<div id=\"&#039;id-134\" class=\"carousel-slider carousel-slider-134 arrows-visibility-hover dots-visibility-never arrows-outside dots-center dots-circle owl-carousel\" data-slide-type=\"image-carousel\" data-owl-settings='{\"nav\":true,\"dots\":false,\"slideBy\":1,\"stagePadding\":10,\"margin\":10,\"loop\":false,\"lazyLoad\":false,\"autoplay\":true,\"autoplayTimeout\":5000,\"autoplaySpeed\":500,\"autoplayHoverPause\":true,\"autoWidth\":false,\"responsive\":{\"300\":{\"items\":1},\"576\":{\"items\":2},\"768\":{\"items\":2},\"1024\":{\"items\":3},\"1280\":{\"items\":4},\"1536\":{\"items\":5}}}'>\n<div class=\"carousel-slider__item\">\n\t<img loading=\"lazy\" decoding=\"async\" width=\"300\" height=\"200\" src=\"https:\/\/maquetasqueretaro.com\/wp-content\/uploads\/2023\/01\/arkana-300x200.png\" class=\"attachment-medium size-medium\" alt=\"\" \/><\/a><\/div>\n\n<div class=\"carousel-slider__item\">\n\t<img loading=\"lazy\" decoding=\"async\" width=\"300\" height=\"200\" src=\"https:\/\/maquetasqueretaro.com\/wp-content\/uploads\/2023\/01\/xcaret-logo-300x200.png\" class=\"attachment-medium size-medium\" alt=\"\" \/><\/a><\/div>\n\n<div class=\"carousel-slider__item\">\n\t<img loading=\"lazy\" decoding=\"async\" width=\"300\" height=\"200\" src=\"https:\/\/maquetasqueretaro.com\/wp-content\/uploads\/2023\/01\/westing-maqueta-1-300x200.png\" class=\"attachment-medium size-medium\" alt=\"\" \/><\/a><\/div>\n\n<div class=\"carousel-slider__item\">\n\t<img loading=\"lazy\" decoding=\"async\" width=\"300\" height=\"200\" src=\"https:\/\/maquetasqueretaro.com\/wp-content\/uploads\/2023\/01\/wel-desarrollos-maqueta-300x200.png\" class=\"attachment-medium size-medium\" alt=\"\" \/><\/a><\/div>\n\n<div class=\"carousel-slider__item\">\n\t<img loading=\"lazy\" decoding=\"async\" width=\"300\" height=\"200\" src=\"https:\/\/maquetasqueretaro.com\/wp-content\/uploads\/2023\/01\/sandos-maqueta-300x200.png\" class=\"attachment-medium size-medium\" alt=\"\" \/><\/a><\/div>\n\n<div class=\"carousel-slider__item\">\n\t<img loading=\"lazy\" decoding=\"async\" width=\"300\" height=\"200\" src=\"https:\/\/maquetasqueretaro.com\/wp-content\/uploads\/2023\/01\/hogares-union-maqueta-300x200.png\" class=\"attachment-medium size-medium\" alt=\"\" \/><\/a><\/div>\n\n<div class=\"carousel-slider__item\">\n\t<img loading=\"lazy\" decoding=\"async\" width=\"300\" height=\"200\" src=\"https:\/\/maquetasqueretaro.com\/wp-content\/uploads\/2023\/01\/capitel-maqueta-300x200.png\" class=\"attachment-medium size-medium\" alt=\"\" \/><\/a><\/div>\n\n<div class=\"carousel-slider__item\">\n\t<img loading=\"lazy\" decoding=\"async\" width=\"300\" height=\"200\" src=\"https:\/\/maquetasqueretaro.com\/wp-content\/uploads\/2023\/01\/bahia-principe-maqueta-300x200.png\" class=\"attachment-medium size-medium\" alt=\"\" \/><\/a><\/div>\n\n<div class=\"carousel-slider__item\">\n\t<img loading=\"lazy\" decoding=\"async\" width=\"300\" height=\"200\" src=\"https:\/\/maquetasqueretaro.com\/wp-content\/uploads\/2023\/01\/selva-blanco-300x200.png\" class=\"attachment-medium size-medium\" alt=\"\" \/><\/a><\/div>\n\n<div class=\"carousel-slider__item\">\n\t<img loading=\"lazy\" decoding=\"async\" width=\"300\" height=\"120\" src=\"https:\/\/maquetasqueretaro.com\/wp-content\/uploads\/2023\/01\/selva-300x120.png\" class=\"attachment-medium size-medium\" alt=\"\" \/><\/a><\/div>\n\n<\/div><!-- .carousel-slider-134 -->\n<\/div><!-- .carousel-slider-outer-134 -->\n[\/et_pb_code][\/et_pb_column][\/et_pb_row][\/et_pb_section]<\/p>\n","protected":false},"excerpt":{"rendered":"<p>detalles en los proyectos01detalles en los proyectosMediante estas se dise\u00f1an elementos especialmente complicados o repetitivos. estos detalles pueden ser de naturaleza constructiva, pero tambi\u00e9n pueden ser decorativos. gracias a estas pueden resolverse problemas de forma, materiales, textura de las superficies y color. las escalas van desde 1:10 a 1:1. pueden realizarse cuando existen dibujos t\u00e9cnicos [&hellip;]<\/p>\n","protected":false},"author":1,"featured_media":0,"parent":0,"menu_order":0,"comment_status":"closed","ping_status":"closed","template":"","meta":{"_et_pb_use_builder":"on","_et_pb_old_content":"","_et_gb_content_width":"","om_disable_all_campaigns":false,"_monsterinsights_skip_tracking":false,"_monsterinsights_sitenote_active":false,"_monsterinsights_sitenote_note":"","_monsterinsights_sitenote_category":0,"footnotes":""},"class_list":["post-40","page","type-page","status-publish","hentry"],"yoast_head":"<!-- This site is optimized with the Yoast SEO plugin v27.4 - https:\/\/yoast.com\/product\/yoast-seo-wordpress\/ -->\n<title>Maquetas a detalle - Maquetas Queretaro.<\/title>\n<meta name=\"robots\" content=\"index, follow, max-snippet:-1, max-image-preview:large, max-video-preview:-1\" \/>\n<link rel=\"canonical\" href=\"https:\/\/maquetasqueretaro.com\/index.php\/maquetas-a-detalle\/\" \/>\n<meta property=\"og:locale\" content=\"es_MX\" \/>\n<meta property=\"og:type\" content=\"article\" \/>\n<meta property=\"og:title\" content=\"Maquetas a detalle - Maquetas Queretaro.\" \/>\n<meta property=\"og:description\" content=\"detalles en los proyectos01detalles en los proyectosMediante estas se dise\u00f1an elementos especialmente complicados o repetitivos. estos detalles pueden ser de naturaleza constructiva, pero tambi\u00e9n pueden ser decorativos. gracias a estas pueden resolverse problemas de forma, materiales, textura de las superficies y color. las escalas van desde 1:10 a 1:1. pueden realizarse cuando existen dibujos t\u00e9cnicos [&hellip;]\" \/>\n<meta property=\"og:url\" content=\"https:\/\/maquetasqueretaro.com\/index.php\/maquetas-a-detalle\/\" \/>\n<meta property=\"og:site_name\" content=\"Maquetas Queretaro.\" \/>\n<meta property=\"article:modified_time\" content=\"2023-02-08T03:15:31+00:00\" \/>\n<meta name=\"twitter:card\" content=\"summary_large_image\" \/>\n<meta name=\"twitter:label1\" content=\"Tiempo de lectura\" \/>\n\t<meta name=\"twitter:data1\" content=\"6 minutos\" \/>\n<script type=\"application\/ld+json\" class=\"yoast-schema-graph\">{\"@context\":\"https:\\\/\\\/schema.org\",\"@graph\":[{\"@type\":\"WebPage\",\"@id\":\"https:\\\/\\\/maquetasqueretaro.com\\\/index.php\\\/maquetas-a-detalle\\\/\",\"url\":\"https:\\\/\\\/maquetasqueretaro.com\\\/index.php\\\/maquetas-a-detalle\\\/\",\"name\":\"Maquetas a detalle - Maquetas Queretaro.\",\"isPartOf\":{\"@id\":\"https:\\\/\\\/maquetasqueretaro.com\\\/#website\"},\"datePublished\":\"2023-01-20T15:43:32+00:00\",\"dateModified\":\"2023-02-08T03:15:31+00:00\",\"breadcrumb\":{\"@id\":\"https:\\\/\\\/maquetasqueretaro.com\\\/index.php\\\/maquetas-a-detalle\\\/#breadcrumb\"},\"inLanguage\":\"es\",\"potentialAction\":[{\"@type\":\"ReadAction\",\"target\":[\"https:\\\/\\\/maquetasqueretaro.com\\\/index.php\\\/maquetas-a-detalle\\\/\"]}]},{\"@type\":\"BreadcrumbList\",\"@id\":\"https:\\\/\\\/maquetasqueretaro.com\\\/index.php\\\/maquetas-a-detalle\\\/#breadcrumb\",\"itemListElement\":[{\"@type\":\"ListItem\",\"position\":1,\"name\":\"Inicio\",\"item\":\"https:\\\/\\\/maquetasqueretaro.com\\\/\"},{\"@type\":\"ListItem\",\"position\":2,\"name\":\"Maquetas a detalle\"}]},{\"@type\":\"WebSite\",\"@id\":\"https:\\\/\\\/maquetasqueretaro.com\\\/#website\",\"url\":\"https:\\\/\\\/maquetasqueretaro.com\\\/\",\"name\":\"Maquetas Queretaro.\",\"description\":\"Fabricaci\u00f3n, reparaci\u00f3n y restautraci\u00f3n de maquetas profesionales.\",\"potentialAction\":[{\"@type\":\"SearchAction\",\"target\":{\"@type\":\"EntryPoint\",\"urlTemplate\":\"https:\\\/\\\/maquetasqueretaro.com\\\/?s={search_term_string}\"},\"query-input\":{\"@type\":\"PropertyValueSpecification\",\"valueRequired\":true,\"valueName\":\"search_term_string\"}}],\"inLanguage\":\"es\"}]}<\/script>\n<!-- \/ Yoast SEO plugin. -->","yoast_head_json":{"title":"Maquetas a detalle - Maquetas Queretaro.","robots":{"index":"index","follow":"follow","max-snippet":"max-snippet:-1","max-image-preview":"max-image-preview:large","max-video-preview":"max-video-preview:-1"},"canonical":"https:\/\/maquetasqueretaro.com\/index.php\/maquetas-a-detalle\/","og_locale":"es_MX","og_type":"article","og_title":"Maquetas a detalle - Maquetas Queretaro.","og_description":"detalles en los proyectos01detalles en los proyectosMediante estas se dise\u00f1an elementos especialmente complicados o repetitivos. estos detalles pueden ser de naturaleza constructiva, pero tambi\u00e9n pueden ser decorativos. gracias a estas pueden resolverse problemas de forma, materiales, textura de las superficies y color. las escalas van desde 1:10 a 1:1. pueden realizarse cuando existen dibujos t\u00e9cnicos [&hellip;]","og_url":"https:\/\/maquetasqueretaro.com\/index.php\/maquetas-a-detalle\/","og_site_name":"Maquetas Queretaro.","article_modified_time":"2023-02-08T03:15:31+00:00","twitter_card":"summary_large_image","twitter_misc":{"Tiempo de lectura":"6 minutos"},"schema":{"@context":"https:\/\/schema.org","@graph":[{"@type":"WebPage","@id":"https:\/\/maquetasqueretaro.com\/index.php\/maquetas-a-detalle\/","url":"https:\/\/maquetasqueretaro.com\/index.php\/maquetas-a-detalle\/","name":"Maquetas a detalle - Maquetas Queretaro.","isPartOf":{"@id":"https:\/\/maquetasqueretaro.com\/#website"},"datePublished":"2023-01-20T15:43:32+00:00","dateModified":"2023-02-08T03:15:31+00:00","breadcrumb":{"@id":"https:\/\/maquetasqueretaro.com\/index.php\/maquetas-a-detalle\/#breadcrumb"},"inLanguage":"es","potentialAction":[{"@type":"ReadAction","target":["https:\/\/maquetasqueretaro.com\/index.php\/maquetas-a-detalle\/"]}]},{"@type":"BreadcrumbList","@id":"https:\/\/maquetasqueretaro.com\/index.php\/maquetas-a-detalle\/#breadcrumb","itemListElement":[{"@type":"ListItem","position":1,"name":"Inicio","item":"https:\/\/maquetasqueretaro.com\/"},{"@type":"ListItem","position":2,"name":"Maquetas a detalle"}]},{"@type":"WebSite","@id":"https:\/\/maquetasqueretaro.com\/#website","url":"https:\/\/maquetasqueretaro.com\/","name":"Maquetas Queretaro.","description":"Fabricaci\u00f3n, reparaci\u00f3n y restautraci\u00f3n de maquetas profesionales.","potentialAction":[{"@type":"SearchAction","target":{"@type":"EntryPoint","urlTemplate":"https:\/\/maquetasqueretaro.com\/?s={search_term_string}"},"query-input":{"@type":"PropertyValueSpecification","valueRequired":true,"valueName":"search_term_string"}}],"inLanguage":"es"}]}},"_links":{"self":[{"href":"https:\/\/maquetasqueretaro.com\/index.php\/wp-json\/wp\/v2\/pages\/40","targetHints":{"allow":["GET"]}}],"collection":[{"href":"https:\/\/maquetasqueretaro.com\/index.php\/wp-json\/wp\/v2\/pages"}],"about":[{"href":"https:\/\/maquetasqueretaro.com\/index.php\/wp-json\/wp\/v2\/types\/page"}],"author":[{"embeddable":true,"href":"https:\/\/maquetasqueretaro.com\/index.php\/wp-json\/wp\/v2\/users\/1"}],"replies":[{"embeddable":true,"href":"https:\/\/maquetasqueretaro.com\/index.php\/wp-json\/wp\/v2\/comments?post=40"}],"version-history":[{"count":6,"href":"https:\/\/maquetasqueretaro.com\/index.php\/wp-json\/wp\/v2\/pages\/40\/revisions"}],"predecessor-version":[{"id":174,"href":"https:\/\/maquetasqueretaro.com\/index.php\/wp-json\/wp\/v2\/pages\/40\/revisions\/174"}],"wp:attachment":[{"href":"https:\/\/maquetasqueretaro.com\/index.php\/wp-json\/wp\/v2\/media?parent=40"}],"curies":[{"name":"wp","href":"https:\/\/api.w.org\/{rel}","templated":true}]}}