{"id":61,"date":"2023-01-20T15:46:13","date_gmt":"2023-01-20T15:46:13","guid":{"rendered":"https:\/\/maquetasqueretaro.com\/?page_id=61"},"modified":"2023-01-28T23:47:54","modified_gmt":"2023-01-28T23:47:54","slug":"maquetas-volumetricas","status":"publish","type":"page","link":"https:\/\/maquetasqueretaro.com\/index.php\/maquetas-volumetricas\/","title":{"rendered":"Maquetas volum\u00e9tricas"},"content":{"rendered":"<p>[et_pb_section fb_built=&#8221;1&#8243; _builder_version=&#8221;4.16&#8243; _module_preset=&#8221;default&#8221; use_background_color_gradient=&#8221;on&#8221; background_color_gradient_stops=&#8221;rgba(0,0,0,0.3) 0%|#000000 100%&#8221; background_color_gradient_overlays_image=&#8221;on&#8221; background_color_gradient_start=&#8221;rgba(0,0,0,0.3)&#8221; background_color_gradient_end=&#8221;#000000&#8243; background_image=&#8221;https:\/\/maquetasqueretaro.com\/wp-content\/uploads\/2023\/01\/6.jpg&#8221; width_tablet=&#8221;&#8221; width_phone=&#8221;&#8221; width_last_edited=&#8221;on|desktop&#8221; max_width_tablet=&#8221;&#8221; max_width_phone=&#8221;&#8221; max_width_last_edited=&#8221;on|desktop&#8221; min_height=&#8221;400px&#8221; min_height_tablet=&#8221;&#8221; min_height_phone=&#8221;&#8221; min_height_last_edited=&#8221;on|desktop&#8221; height_tablet=&#8221;&#8221; height_phone=&#8221;&#8221; height_last_edited=&#8221;on|desktop&#8221; max_height_tablet=&#8221;&#8221; max_height_phone=&#8221;&#8221; max_height_last_edited=&#8221;on|desktop&#8221; top_divider_style_tablet=&#8221;&#8221; top_divider_style_phone=&#8221;&#8221; top_divider_style_last_edited=&#8221;on|desktop&#8221; top_divider_color_tablet=&#8221;&#8221; top_divider_color_phone=&#8221;&#8221; top_divider_color_last_edited=&#8221;on|desktop&#8221; top_divider_height_tablet=&#8221;&#8221; top_divider_height_phone=&#8221;&#8221; top_divider_height_last_edited=&#8221;on|desktop&#8221; top_divider_repeat_tablet=&#8221;&#8221; top_divider_repeat_phone=&#8221;&#8221; top_divider_repeat_last_edited=&#8221;on|desktop&#8221; top_divider_flip_tablet=&#8221;&#8221; top_divider_flip_phone=&#8221;&#8221; top_divider_flip_last_edited=&#8221;on|desktop&#8221; top_divider_arrangement_tablet=&#8221;&#8221; top_divider_arrangement_phone=&#8221;&#8221; top_divider_arrangement_last_edited=&#8221;on|desktop&#8221; background_last_edited=&#8221;on|desktop&#8221; module_alignment_tablet=&#8221;&#8221; module_alignment_phone=&#8221;&#8221; module_alignment_last_edited=&#8221;on|desktop&#8221; global_colors_info=&#8221;{}&#8221;][et_pb_row _builder_version=&#8221;4.16&#8243; _module_preset=&#8221;default&#8221; custom_margin=&#8221;70px|auto||auto||&#8221; global_colors_info=&#8221;{}&#8221;][et_pb_column type=&#8221;4_4&#8243; _builder_version=&#8221;4.16&#8243; _module_preset=&#8221;default&#8221; global_colors_info=&#8221;{}&#8221;][et_pb_text content_last_edited=&#8221;off|desktop&#8221; _builder_version=&#8221;4.16&#8243; _module_preset=&#8221;ce0c1f73-c894-454d-a9c3-4571812b9a16&#8243; global_colors_info=&#8221;{}&#8221;]<\/p>\n<p style=\"text-align: center;\">maquetas volum\u00e9tricas<\/p>\n<p>[\/et_pb_text][\/et_pb_column][\/et_pb_row][\/et_pb_section][et_pb_section fb_built=&#8221;1&#8243; _builder_version=&#8221;4.16&#8243; _module_preset=&#8221;default&#8221; custom_padding=&#8221;29px||29px||true|&#8221; global_colors_info=&#8221;{}&#8221;][et_pb_row _builder_version=&#8221;4.16&#8243; _module_preset=&#8221;default&#8221; custom_padding=&#8221;0px||0px||true|&#8221; global_colors_info=&#8221;{}&#8221;][et_pb_column type=&#8221;4_4&#8243; _builder_version=&#8221;4.16&#8243; _module_preset=&#8221;default&#8221; global_colors_info=&#8221;{}&#8221;][et_pb_text _builder_version=&#8221;4.16&#8243; _module_preset=&#8221;ca4bc8c6-f8e1-4575-bbd7-4006599b2f40&#8243; text_text_color=&#8221;#E09900&#8243; global_colors_info=&#8221;{}&#8221;]<\/p>\n<h3><span style=\"color: #716442;\">01<\/span><\/h3>\n<p>[\/et_pb_text][et_pb_text _builder_version=&#8221;4.16&#8243; _module_preset=&#8221;7fcc9217-47a5-4220-8263-e0c8a0d713d7&#8243; global_colors_info=&#8221;{}&#8221;]<\/p>\n<h2>maquetas representadas por volumetr\u00edas<\/h2>\n<p>[\/et_pb_text][\/et_pb_column][\/et_pb_row][\/et_pb_section][et_pb_section fb_built=&#8221;1&#8243; specialty=&#8221;on&#8221; _builder_version=&#8221;4.16&#8243; _module_preset=&#8221;default&#8221; custom_padding=&#8221;0px||0px||true|&#8221; global_colors_info=&#8221;{}&#8221;][et_pb_column type=&#8221;3_4&#8243; specialty_columns=&#8221;3&#8243; _builder_version=&#8221;4.16&#8243; _module_preset=&#8221;default&#8221; custom_padding=&#8221;|||&#8221; global_colors_info=&#8221;{}&#8221; custom_padding__hover=&#8221;|||&#8221;][et_pb_row_inner column_structure=&#8221;1_2,1_2&#8243; _builder_version=&#8221;4.16&#8243; _module_preset=&#8221;default&#8221; custom_padding=&#8221;2px||0px|||&#8221; global_colors_info=&#8221;{}&#8221;][et_pb_column_inner type=&#8221;1_2&#8243; saved_specialty_column_type=&#8221;3_4&#8243; _builder_version=&#8221;4.16&#8243; _module_preset=&#8221;default&#8221; global_colors_info=&#8221;{}&#8221;][et_pb_text _builder_version=&#8221;4.16&#8243; _module_preset=&#8221;00a590be-baf9-4e3d-99bc-f10e2ed51772&#8243; custom_margin=&#8221;8px|||||&#8221; global_colors_info=&#8221;{}&#8221;]<\/p>\n<p>Estas maquetas son dise\u00f1adas para mostrar entornos o edificios emblem\u00e1ticos con un detalle reducido para realizar estudios sobre el proyecto. Se utiliza un tratamiento especial, conceptual y minimalista en la construcci\u00f3n de estas maquetas, para un resultado m\u00e1s impactante.<\/p>\n<p>En el caso de las maquetas volum\u00e9tricas, se les suele dar un tratamiento un poco m\u00e1s amplio, ya que muchas veces es necesario delimitar ciertas zonas de cada proyecto, dando importancia a unos elementos m\u00e1s que a otros.<\/p>\n<p>Orientadas a arquitectos, ingenier\u00edas, estudiantes o departamentos de patrimonio de grandes empresas.<\/p>\n<p>[\/et_pb_text][\/et_pb_column_inner][et_pb_column_inner type=&#8221;1_2&#8243; saved_specialty_column_type=&#8221;3_4&#8243; _builder_version=&#8221;4.16&#8243; _module_preset=&#8221;default&#8221; global_colors_info=&#8221;{}&#8221;][et_pb_image src=&#8221;https:\/\/maquetasqueretaro.com\/wp-content\/uploads\/2023\/01\/maqueta-3-1.jpg&#8221; alt=&#8221;maqueta volum\u00e9trica Maquetas Canc\u00fan &#8221; title_text=&#8221;maqueta volum\u00e9trica&#8221; src_last_edited=&#8221;off|desktop&#8221; _builder_version=&#8221;4.16&#8243; _module_preset=&#8221;default&#8221; custom_margin=&#8221;48px|||||&#8221; border_radii=&#8221;on|20px|20px|20px|20px&#8221; border_radii_tablet=&#8221;&#8221; border_radii_phone=&#8221;&#8221; border_radii_last_edited=&#8221;on|desktop&#8221; border_width_all_tablet=&#8221;&#8221; border_width_all_phone=&#8221;&#8221; border_width_all_last_edited=&#8221;on|desktop&#8221; border_color_all_tablet=&#8221;&#8221; border_color_all_phone=&#8221;&#8221; border_color_all_last_edited=&#8221;on|desktop&#8221; border_style_all_tablet=&#8221;&#8221; border_style_all_phone=&#8221;&#8221; border_style_all_last_edited=&#8221;on|desktop&#8221; global_colors_info=&#8221;{}&#8221;][\/et_pb_image][\/et_pb_column_inner][\/et_pb_row_inner][et_pb_row_inner column_structure=&#8221;1_2,1_2&#8243; _builder_version=&#8221;4.16&#8243; _module_preset=&#8221;default&#8221; custom_padding=&#8221;2px|||||&#8221; global_colors_info=&#8221;{}&#8221;][et_pb_column_inner type=&#8221;1_2&#8243; saved_specialty_column_type=&#8221;3_4&#8243; _builder_version=&#8221;4.16&#8243; _module_preset=&#8221;default&#8221; global_colors_info=&#8221;{}&#8221;][et_pb_image src=&#8221;https:\/\/maquetasqueretaro.com\/wp-content\/uploads\/2023\/01\/maquetas-cancun7.jpg&#8221; alt=&#8221;maqueta volum\u00e9trica Maquetas Canc\u00fan maqueta de conjunto&#8221; title_text=&#8221;maqueta volum\u00e9trica&#8221; src_last_edited=&#8221;off|desktop&#8221; _builder_version=&#8221;4.16&#8243; _module_preset=&#8221;default&#8221; custom_margin=&#8221;86px|||||&#8221; border_radii=&#8221;on|20px|20px|20px|20px&#8221; border_radii_tablet=&#8221;&#8221; border_radii_phone=&#8221;&#8221; border_radii_last_edited=&#8221;on|desktop&#8221; border_width_all_tablet=&#8221;&#8221; border_width_all_phone=&#8221;&#8221; border_width_all_last_edited=&#8221;on|desktop&#8221; border_color_all_tablet=&#8221;&#8221; border_color_all_phone=&#8221;&#8221; border_color_all_last_edited=&#8221;on|desktop&#8221; border_style_all_tablet=&#8221;&#8221; border_style_all_phone=&#8221;&#8221; border_style_all_last_edited=&#8221;on|desktop&#8221; global_colors_info=&#8221;{}&#8221;][\/et_pb_image][\/et_pb_column_inner][et_pb_column_inner type=&#8221;1_2&#8243; saved_specialty_column_type=&#8221;3_4&#8243; _builder_version=&#8221;4.16&#8243; _module_preset=&#8221;default&#8221; global_colors_info=&#8221;{}&#8221;][et_pb_text _builder_version=&#8221;4.16&#8243; _module_preset=&#8221;00a590be-baf9-4e3d-99bc-f10e2ed51772&#8243; custom_padding=&#8221;17px|||||&#8221; global_colors_info=&#8221;{}&#8221;]<\/p>\n<p>L<span style=\"font-size: 16px;\">as maquetas volum\u00e9tricas, son las que inician un proyecto, las llamamos volum\u00e9tricas porque en ellas solo podemos apreciarlas como vol\u00famenes puros, hacemos este procedimiento por que es necesario para nosotros ver la el conjunto de los distintos vol\u00famenes, para ver c\u00f3mo interact\u00faan en una unidad, para ver la escala y la proporci\u00f3n de lo que estamos proponiendo, para ver si resulta muy pesado o muy agresivo respecto del entorno donde vaya a ser emplazado nuestro proyecto.<\/span><\/p>\n<p>Algunos de los materiales empleados son el poliestireno expandido o tambi\u00e9n llamado tergopol y la esponja florar, carton, trovicel o unicel.<\/p>\n<p>[\/et_pb_text][\/et_pb_column_inner][\/et_pb_row_inner][\/et_pb_column][et_pb_column type=&#8221;1_4&#8243; _builder_version=&#8221;4.16&#8243; _module_preset=&#8221;default&#8221; custom_padding=&#8221;|||&#8221; global_colors_info=&#8221;{}&#8221; custom_padding__hover=&#8221;|||&#8221;][et_pb_sidebar area=&#8221;et_pb_widget_area_2&#8243; _builder_version=&#8221;4.19.4&#8243; _module_preset=&#8221;default&#8221; header_font=&#8221;Bebas Neue|||on|||||&#8221; header_text_color=&#8221;#716442&#8243; header_font_size=&#8221;34px&#8221; body_font=&#8221;Bebas Neue||||||||&#8221; body_font_size=&#8221;25px&#8221; text_orientation=&#8221;right&#8221; background_layout=&#8221;dark&#8221; custom_margin=&#8221;0px|0px|0px|0px|false|false&#8221; custom_margin_tablet=&#8221;&#8221; custom_margin_phone=&#8221;&#8221; custom_margin_last_edited=&#8221;on|desktop&#8221; custom_padding=&#8221;0px|0px|0px|0px|false|false&#8221; custom_padding_tablet=&#8221;&#8221; custom_padding_phone=&#8221;&#8221; custom_padding_last_edited=&#8221;on|desktop&#8221; sticky_position=&#8221;top&#8221; sticky_offset_top=&#8221;20px&#8221; sticky_limit_bottom=&#8221;section&#8221; header_font_tablet=&#8221;&#8221; header_font_phone=&#8221;&#8221; header_font_last_edited=&#8221;on|desktop&#8221; header_text_align_tablet=&#8221;&#8221; header_text_align_phone=&#8221;&#8221; header_text_align_last_edited=&#8221;on|desktop&#8221; header_text_color_tablet=&#8221;&#8221; header_text_color_phone=&#8221;&#8221; header_text_color_last_edited=&#8221;on|desktop&#8221; header_font_size_tablet=&#8221;&#8221; header_font_size_phone=&#8221;&#8221; header_font_size_last_edited=&#8221;on|desktop&#8221; header_letter_spacing_tablet=&#8221;&#8221; header_letter_spacing_phone=&#8221;&#8221; header_letter_spacing_last_edited=&#8221;on|desktop&#8221; header_line_height_tablet=&#8221;&#8221; header_line_height_phone=&#8221;&#8221; header_line_height_last_edited=&#8221;on|desktop&#8221; body_font_last_edited=&#8221;off|desktop&#8221; body_text_align_last_edited=&#8221;off|desktop&#8221; body_text_color_last_edited=&#8221;off|desktop&#8221; body_font_size_last_edited=&#8221;off|desktop&#8221; body_letter_spacing_last_edited=&#8221;off|desktop&#8221; body_line_height_last_edited=&#8221;off|desktop&#8221; text_orientation_tablet=&#8221;&#8221; text_orientation_phone=&#8221;center&#8221; text_orientation_last_edited=&#8221;on|desktop&#8221; background_layout_tablet=&#8221;&#8221; background_layout_phone=&#8221;&#8221; background_layout_last_edited=&#8221;on|desktop&#8221; sticky_position_last_edited=&#8221;off|desktop&#8221; sticky_offset_top_tablet=&#8221;&#8221; sticky_offset_top_phone=&#8221;&#8221; sticky_offset_top_last_edited=&#8221;on|desktop&#8221; sticky_limit_bottom_tablet=&#8221;&#8221; sticky_limit_bottom_phone=&#8221;&#8221; sticky_limit_bottom_last_edited=&#8221;on|desktop&#8221; sticky_offset_surrounding_tablet=&#8221;&#8221; sticky_offset_surrounding_phone=&#8221;&#8221; sticky_offset_surrounding_last_edited=&#8221;on|desktop&#8221; sticky_transition_tablet=&#8221;&#8221; sticky_transition_phone=&#8221;&#8221; sticky_transition_last_edited=&#8221;on|desktop&#8221; global_colors_info=&#8221;{}&#8221;][\/et_pb_sidebar][\/et_pb_column][\/et_pb_section][et_pb_section fb_built=&#8221;1&#8243; _builder_version=&#8221;4.16&#8243; _module_preset=&#8221;default&#8221; custom_padding=&#8221;3px||3px||true|&#8221; global_colors_info=&#8221;{}&#8221;][et_pb_row _builder_version=&#8221;4.16&#8243; _module_preset=&#8221;default&#8221; custom_padding=&#8221;0px||0px||true|&#8221; global_colors_info=&#8221;{}&#8221;][et_pb_column type=&#8221;4_4&#8243; _builder_version=&#8221;4.16&#8243; _module_preset=&#8221;default&#8221; global_colors_info=&#8221;{}&#8221;][et_pb_text _builder_version=&#8221;4.16&#8243; _module_preset=&#8221;ca4bc8c6-f8e1-4575-bbd7-4006599b2f40&#8243; text_text_color=&#8221;#E09900&#8243; global_colors_info=&#8221;{}&#8221;]<\/p>\n<h3><span style=\"color: #716442;\">02<\/span><\/h3>\n<p>[\/et_pb_text][et_pb_text _builder_version=&#8221;4.16&#8243; _module_preset=&#8221;7fcc9217-47a5-4220-8263-e0c8a0d713d7&#8243; global_colors_info=&#8221;{}&#8221;]<\/p>\n<h2>algunos de nuestros clientes<\/h2>\n<p>[\/et_pb_text][\/et_pb_column][\/et_pb_row][et_pb_row _builder_version=&#8221;4.16&#8243; _module_preset=&#8221;default&#8221; custom_padding=&#8221;0px||0px||true|&#8221; global_colors_info=&#8221;{}&#8221;][et_pb_column type=&#8221;4_4&#8243; _builder_version=&#8221;4.16&#8243; _module_preset=&#8221;default&#8221; global_colors_info=&#8221;{}&#8221;][et_pb_code _builder_version=&#8221;4.19.5&#8243; _module_preset=&#8221;default&#8221; hover_enabled=&#8221;0&#8243; sticky_enabled=&#8221;0&#8243;]<div class=\"carousel-slider-outer carousel-slider-outer-image-carousel carousel-slider-outer-134\" style=\"--carousel-slider-nav-color:#f1f1f1;--carousel-slider-active-nav-color:#00d1b2;--carousel-slider-arrow-size:48px;--carousel-slider-bullet-size:10px\">\n<div id=\"&#039;id-134\" class=\"carousel-slider carousel-slider-134 arrows-visibility-hover dots-visibility-never arrows-outside dots-center dots-circle owl-carousel\" data-slide-type=\"image-carousel\" data-owl-settings='{\"nav\":true,\"dots\":false,\"slideBy\":1,\"stagePadding\":10,\"margin\":10,\"loop\":false,\"lazyLoad\":false,\"autoplay\":true,\"autoplayTimeout\":5000,\"autoplaySpeed\":500,\"autoplayHoverPause\":true,\"autoWidth\":false,\"responsive\":{\"300\":{\"items\":1},\"576\":{\"items\":2},\"768\":{\"items\":2},\"1024\":{\"items\":3},\"1280\":{\"items\":4},\"1536\":{\"items\":5}}}'>\n<div class=\"carousel-slider__item\">\n\t<img loading=\"lazy\" decoding=\"async\" width=\"300\" height=\"200\" src=\"https:\/\/maquetasqueretaro.com\/wp-content\/uploads\/2023\/01\/arkana-300x200.png\" class=\"attachment-medium size-medium\" alt=\"\" \/><\/a><\/div>\n\n<div class=\"carousel-slider__item\">\n\t<img loading=\"lazy\" decoding=\"async\" width=\"300\" height=\"200\" src=\"https:\/\/maquetasqueretaro.com\/wp-content\/uploads\/2023\/01\/xcaret-logo-300x200.png\" class=\"attachment-medium size-medium\" alt=\"\" \/><\/a><\/div>\n\n<div class=\"carousel-slider__item\">\n\t<img loading=\"lazy\" decoding=\"async\" width=\"300\" height=\"200\" src=\"https:\/\/maquetasqueretaro.com\/wp-content\/uploads\/2023\/01\/westing-maqueta-1-300x200.png\" class=\"attachment-medium size-medium\" alt=\"\" \/><\/a><\/div>\n\n<div class=\"carousel-slider__item\">\n\t<img loading=\"lazy\" decoding=\"async\" width=\"300\" height=\"200\" src=\"https:\/\/maquetasqueretaro.com\/wp-content\/uploads\/2023\/01\/wel-desarrollos-maqueta-300x200.png\" class=\"attachment-medium size-medium\" alt=\"\" \/><\/a><\/div>\n\n<div class=\"carousel-slider__item\">\n\t<img loading=\"lazy\" decoding=\"async\" width=\"300\" height=\"200\" src=\"https:\/\/maquetasqueretaro.com\/wp-content\/uploads\/2023\/01\/sandos-maqueta-300x200.png\" class=\"attachment-medium size-medium\" alt=\"\" \/><\/a><\/div>\n\n<div class=\"carousel-slider__item\">\n\t<img loading=\"lazy\" decoding=\"async\" width=\"300\" height=\"200\" src=\"https:\/\/maquetasqueretaro.com\/wp-content\/uploads\/2023\/01\/hogares-union-maqueta-300x200.png\" class=\"attachment-medium size-medium\" alt=\"\" \/><\/a><\/div>\n\n<div class=\"carousel-slider__item\">\n\t<img loading=\"lazy\" decoding=\"async\" width=\"300\" height=\"200\" src=\"https:\/\/maquetasqueretaro.com\/wp-content\/uploads\/2023\/01\/capitel-maqueta-300x200.png\" class=\"attachment-medium size-medium\" alt=\"\" \/><\/a><\/div>\n\n<div class=\"carousel-slider__item\">\n\t<img loading=\"lazy\" decoding=\"async\" width=\"300\" height=\"200\" src=\"https:\/\/maquetasqueretaro.com\/wp-content\/uploads\/2023\/01\/bahia-principe-maqueta-300x200.png\" class=\"attachment-medium size-medium\" alt=\"\" \/><\/a><\/div>\n\n<div class=\"carousel-slider__item\">\n\t<img loading=\"lazy\" decoding=\"async\" width=\"300\" height=\"200\" src=\"https:\/\/maquetasqueretaro.com\/wp-content\/uploads\/2023\/01\/selva-blanco-300x200.png\" class=\"attachment-medium size-medium\" alt=\"\" \/><\/a><\/div>\n\n<div class=\"carousel-slider__item\">\n\t<img loading=\"lazy\" decoding=\"async\" width=\"300\" height=\"120\" src=\"https:\/\/maquetasqueretaro.com\/wp-content\/uploads\/2023\/01\/selva-300x120.png\" class=\"attachment-medium size-medium\" alt=\"\" \/><\/a><\/div>\n\n<\/div><!-- .carousel-slider-134 -->\n<\/div><!-- .carousel-slider-outer-134 -->\n[\/et_pb_code][\/et_pb_column][\/et_pb_row][\/et_pb_section]<\/p>\n","protected":false},"excerpt":{"rendered":"<p>maquetas volum\u00e9tricas01maquetas representadas por volumetr\u00edasEstas maquetas son dise\u00f1adas para mostrar entornos o edificios emblem\u00e1ticos con un detalle reducido para realizar estudios sobre el proyecto. Se utiliza un tratamiento especial, conceptual y minimalista en la construcci\u00f3n de estas maquetas, para un resultado m\u00e1s impactante. En el caso de las maquetas volum\u00e9tricas, se les suele dar un [&hellip;]<\/p>\n","protected":false},"author":1,"featured_media":0,"parent":0,"menu_order":0,"comment_status":"closed","ping_status":"closed","template":"","meta":{"_et_pb_use_builder":"on","_et_pb_old_content":"","_et_gb_content_width":"","om_disable_all_campaigns":false,"_monsterinsights_skip_tracking":false,"_monsterinsights_sitenote_active":false,"_monsterinsights_sitenote_note":"","_monsterinsights_sitenote_category":0,"footnotes":""},"class_list":["post-61","page","type-page","status-publish","hentry"],"yoast_head":"<!-- This site is optimized with the Yoast SEO plugin v25.1 - https:\/\/yoast.com\/wordpress\/plugins\/seo\/ -->\n<title>Maquetas volum\u00e9tricas - Maquetas Queretaro.<\/title>\n<meta name=\"robots\" content=\"index, follow, max-snippet:-1, max-image-preview:large, max-video-preview:-1\" \/>\n<link rel=\"canonical\" href=\"https:\/\/maquetasqueretaro.com\/index.php\/maquetas-volumetricas\/\" \/>\n<meta property=\"og:locale\" content=\"es_MX\" \/>\n<meta property=\"og:type\" content=\"article\" \/>\n<meta property=\"og:title\" content=\"Maquetas volum\u00e9tricas - Maquetas Queretaro.\" \/>\n<meta property=\"og:description\" content=\"maquetas volum\u00e9tricas01maquetas representadas por volumetr\u00edasEstas maquetas son dise\u00f1adas para mostrar entornos o edificios emblem\u00e1ticos con un detalle reducido para realizar estudios sobre el proyecto. Se utiliza un tratamiento especial, conceptual y minimalista en la construcci\u00f3n de estas maquetas, para un resultado m\u00e1s impactante. En el caso de las maquetas volum\u00e9tricas, se les suele dar un [&hellip;]\" \/>\n<meta property=\"og:url\" content=\"https:\/\/maquetasqueretaro.com\/index.php\/maquetas-volumetricas\/\" \/>\n<meta property=\"og:site_name\" content=\"Maquetas Queretaro.\" \/>\n<meta property=\"article:modified_time\" content=\"2023-01-28T23:47:54+00:00\" \/>\n<meta name=\"twitter:card\" content=\"summary_large_image\" \/>\n<meta name=\"twitter:label1\" content=\"Tiempo de lectura\" \/>\n\t<meta name=\"twitter:data1\" content=\"8 minutos\" \/>\n<script type=\"application\/ld+json\" class=\"yoast-schema-graph\">{\"@context\":\"https:\/\/schema.org\",\"@graph\":[{\"@type\":\"WebPage\",\"@id\":\"https:\/\/maquetasqueretaro.com\/index.php\/maquetas-volumetricas\/\",\"url\":\"https:\/\/maquetasqueretaro.com\/index.php\/maquetas-volumetricas\/\",\"name\":\"Maquetas volum\u00e9tricas - Maquetas Queretaro.\",\"isPartOf\":{\"@id\":\"https:\/\/maquetasqueretaro.com\/#website\"},\"datePublished\":\"2023-01-20T15:46:13+00:00\",\"dateModified\":\"2023-01-28T23:47:54+00:00\",\"breadcrumb\":{\"@id\":\"https:\/\/maquetasqueretaro.com\/index.php\/maquetas-volumetricas\/#breadcrumb\"},\"inLanguage\":\"es\",\"potentialAction\":[{\"@type\":\"ReadAction\",\"target\":[\"https:\/\/maquetasqueretaro.com\/index.php\/maquetas-volumetricas\/\"]}]},{\"@type\":\"BreadcrumbList\",\"@id\":\"https:\/\/maquetasqueretaro.com\/index.php\/maquetas-volumetricas\/#breadcrumb\",\"itemListElement\":[{\"@type\":\"ListItem\",\"position\":1,\"name\":\"Inicio\",\"item\":\"https:\/\/maquetasqueretaro.com\/\"},{\"@type\":\"ListItem\",\"position\":2,\"name\":\"Maquetas volum\u00e9tricas\"}]},{\"@type\":\"WebSite\",\"@id\":\"https:\/\/maquetasqueretaro.com\/#website\",\"url\":\"https:\/\/maquetasqueretaro.com\/\",\"name\":\"Maquetas Queretaro.\",\"description\":\"Fabricaci\u00f3n, reparaci\u00f3n y restautraci\u00f3n de maquetas profesionales.\",\"potentialAction\":[{\"@type\":\"SearchAction\",\"target\":{\"@type\":\"EntryPoint\",\"urlTemplate\":\"https:\/\/maquetasqueretaro.com\/?s={search_term_string}\"},\"query-input\":{\"@type\":\"PropertyValueSpecification\",\"valueRequired\":true,\"valueName\":\"search_term_string\"}}],\"inLanguage\":\"es\"}]}<\/script>\n<!-- \/ Yoast SEO plugin. -->","yoast_head_json":{"title":"Maquetas volum\u00e9tricas - Maquetas Queretaro.","robots":{"index":"index","follow":"follow","max-snippet":"max-snippet:-1","max-image-preview":"max-image-preview:large","max-video-preview":"max-video-preview:-1"},"canonical":"https:\/\/maquetasqueretaro.com\/index.php\/maquetas-volumetricas\/","og_locale":"es_MX","og_type":"article","og_title":"Maquetas volum\u00e9tricas - Maquetas Queretaro.","og_description":"maquetas volum\u00e9tricas01maquetas representadas por volumetr\u00edasEstas maquetas son dise\u00f1adas para mostrar entornos o edificios emblem\u00e1ticos con un detalle reducido para realizar estudios sobre el proyecto. Se utiliza un tratamiento especial, conceptual y minimalista en la construcci\u00f3n de estas maquetas, para un resultado m\u00e1s impactante. En el caso de las maquetas volum\u00e9tricas, se les suele dar un [&hellip;]","og_url":"https:\/\/maquetasqueretaro.com\/index.php\/maquetas-volumetricas\/","og_site_name":"Maquetas Queretaro.","article_modified_time":"2023-01-28T23:47:54+00:00","twitter_card":"summary_large_image","twitter_misc":{"Tiempo de lectura":"8 minutos"},"schema":{"@context":"https:\/\/schema.org","@graph":[{"@type":"WebPage","@id":"https:\/\/maquetasqueretaro.com\/index.php\/maquetas-volumetricas\/","url":"https:\/\/maquetasqueretaro.com\/index.php\/maquetas-volumetricas\/","name":"Maquetas volum\u00e9tricas - Maquetas Queretaro.","isPartOf":{"@id":"https:\/\/maquetasqueretaro.com\/#website"},"datePublished":"2023-01-20T15:46:13+00:00","dateModified":"2023-01-28T23:47:54+00:00","breadcrumb":{"@id":"https:\/\/maquetasqueretaro.com\/index.php\/maquetas-volumetricas\/#breadcrumb"},"inLanguage":"es","potentialAction":[{"@type":"ReadAction","target":["https:\/\/maquetasqueretaro.com\/index.php\/maquetas-volumetricas\/"]}]},{"@type":"BreadcrumbList","@id":"https:\/\/maquetasqueretaro.com\/index.php\/maquetas-volumetricas\/#breadcrumb","itemListElement":[{"@type":"ListItem","position":1,"name":"Inicio","item":"https:\/\/maquetasqueretaro.com\/"},{"@type":"ListItem","position":2,"name":"Maquetas volum\u00e9tricas"}]},{"@type":"WebSite","@id":"https:\/\/maquetasqueretaro.com\/#website","url":"https:\/\/maquetasqueretaro.com\/","name":"Maquetas Queretaro.","description":"Fabricaci\u00f3n, reparaci\u00f3n y restautraci\u00f3n de maquetas profesionales.","potentialAction":[{"@type":"SearchAction","target":{"@type":"EntryPoint","urlTemplate":"https:\/\/maquetasqueretaro.com\/?s={search_term_string}"},"query-input":{"@type":"PropertyValueSpecification","valueRequired":true,"valueName":"search_term_string"}}],"inLanguage":"es"}]}},"_links":{"self":[{"href":"https:\/\/maquetasqueretaro.com\/index.php\/wp-json\/wp\/v2\/pages\/61","targetHints":{"allow":["GET"]}}],"collection":[{"href":"https:\/\/maquetasqueretaro.com\/index.php\/wp-json\/wp\/v2\/pages"}],"about":[{"href":"https:\/\/maquetasqueretaro.com\/index.php\/wp-json\/wp\/v2\/types\/page"}],"author":[{"embeddable":true,"href":"https:\/\/maquetasqueretaro.com\/index.php\/wp-json\/wp\/v2\/users\/1"}],"replies":[{"embeddable":true,"href":"https:\/\/maquetasqueretaro.com\/index.php\/wp-json\/wp\/v2\/comments?post=61"}],"version-history":[{"count":5,"href":"https:\/\/maquetasqueretaro.com\/index.php\/wp-json\/wp\/v2\/pages\/61\/revisions"}],"predecessor-version":[{"id":140,"href":"https:\/\/maquetasqueretaro.com\/index.php\/wp-json\/wp\/v2\/pages\/61\/revisions\/140"}],"wp:attachment":[{"href":"https:\/\/maquetasqueretaro.com\/index.php\/wp-json\/wp\/v2\/media?parent=61"}],"curies":[{"name":"wp","href":"https:\/\/api.w.org\/{rel}","templated":true}]}}